{"id":921,"date":"2025-04-09T19:35:32","date_gmt":"2025-04-09T17:35:32","guid":{"rendered":"http:\/\/taxiadozas.hu\/?page_id=921"},"modified":"2025-05-26T10:52:33","modified_gmt":"2025-05-26T08:52:33","slug":"impresszum","status":"publish","type":"page","link":"https:\/\/taxiadozas.hu\/en\/impresszum\/","title":{"rendered":"Masthead"},"content":{"rendered":"<div class=\"wp-block-group is-layout-constrained wp-container-core-group-is-layout-19bf4b50 wp-block-group-is-layout-constrained\" style=\"padding-top:var(--wp--preset--spacing--40);padding-right:var(--wp--preset--spacing--60);padding-bottom:0;padding-left:var(--wp--preset--spacing--60)\">\n<p class=\"has-light-color-color has-text-color has-link-color has-big-font-size wp-elements-1b6006093d5979b55143343ebff4876a\"><strong>A weboldal \u00fczemeltet\u0151je \u00e9s szolg\u00e1ltat\u00f3:<\/strong><\/p>\n\n\n\n<ul class=\"wp-block-list\">\n<li><strong>N\u00e9v:<\/strong> Szab\u00f3-Jakab Bogl\u00e1rka egy\u00e9ni v\u00e1llalkoz\u00f3<\/li>\n\n\n\n<li><strong>Nyilv\u00e1ntart\u00e1si sz\u00e1m:<\/strong> 60444633<\/li>\n\n\n\n<li><strong>Ad\u00f3sz\u00e1m:<\/strong> 91065764-1-43<\/li>\n\n\n\n<li><strong>Headquater:<\/strong> 1095 Budapest, G\u00e1t utca 21. FS 1<\/li>\n\n\n\n<li><strong>E-mail:<\/strong> info@taxiadozas.hu<\/li>\n\n\n\n<li><strong>Mobile<\/strong> +36 70 402 9003<\/li>\n\n\n\n<li><strong>Website:<\/strong> <a href=\"https:\/\/taxiadozas.hu\/en\/\">www.taxiadozas.hu<\/a><\/li>\n\n\n\n<li><strong>Online m\u00e1rkan\u00e9v:<\/strong> TaxiAd\u00f3z\u00e1s<\/li>\n<\/ul>\n\n\n\n<p class=\"has-light-color-color has-text-color has-link-color has-medium-font-size wp-elements-002958477f4706409782543752e8af50\"><strong>Fel\u00fcgyeleti szerv:<\/strong><\/p>\n\n\n\n<ul class=\"wp-block-list\">\n<li><strong>Budapesti Korm\u00e1nyhivatal<\/strong><br>1056 Budapest, V\u00e1ci utca 62\u201364.<br><a href=\"https:\/\/www.kormanyhivatal.hu\">www.kormanyhivatal.hu<\/a><\/li>\n<\/ul>\n\n\n\n<p class=\"has-light-color-color has-text-color has-link-color has-medium-font-size wp-elements-09d5a9c4eeab90361288b5a51412f534\"><strong>T\u00e1rhelyszolg\u00e1ltat\u00f3:<\/strong><\/p>\n\n\n\n<ul class=\"wp-block-list\">\n<li><strong>N\u00e9v:<\/strong> Rackhost Zrt.<\/li>\n\n\n\n<li><strong>Headquater:<\/strong> 6722 Szeged, Tisza Lajos k\u00f6r\u00fat 41.<\/li>\n\n\n\n<li><strong>Ad\u00f3sz\u00e1m:<\/strong> 25333572-2-06<\/li>\n\n\n\n<li><strong>C\u00e9gjegyz\u00e9ksz\u00e1m:<\/strong> 06-10-000489<\/li>\n\n\n\n<li><strong>E-mail:<\/strong> info@rackhost.hu<\/li>\n\n\n\n<li><strong>Mobile<\/strong> +36 1 445 1200<\/li>\n\n\n\n<li><strong>Website:<\/strong> <a href=\"https:\/\/www.rackhost.hu\">www.rackhost.hu<\/a><\/li>\n<\/ul>\n\n\n\n<hr class=\"wp-block-separator has-alpha-channel-opacity\"\/>\n\n\n\n<p class=\"has-light-color-color has-text-color has-link-color has-medium-font-size wp-elements-c54defba12fa1cae7e80ad7e23f4aa86\"><strong>Felel\u0151ss\u00e9g:<\/strong><\/p>\n\n\n\n<p class=\"has-light-color-color has-text-color has-link-color wp-elements-6838408a2960a4c78f8bc8b7b1617276\">A weboldalon tal\u00e1lhat\u00f3 inform\u00e1ci\u00f3k t\u00e1j\u00e9koztat\u00f3 jelleg\u0171ek. A szolg\u00e1ltat\u00f3 nem v\u00e1llal felel\u0151ss\u00e9get az esetleges el\u00edr\u00e1sokb\u00f3l vagy f\u00e9lre\u00e9rt\u00e9sekb\u0151l ered\u0151 k\u00e1rok\u00e9rt.<\/p>\n\n\n\n<hr class=\"wp-block-separator has-alpha-channel-opacity\"\/>\n\n\n\n<p class=\"has-light-color-color has-text-color has-link-color has-big-font-size wp-elements-caed67a6338631ea7ffc92a5aafda092 translation-block\">\ud83d\udcdd <strong>By using the website and making contact, you accept the above terms and conditions.<\/strong><\/p>\n<\/div>","protected":false},"excerpt":{"rendered":"<p>A weboldal \u00fczemeltet\u0151je \u00e9s szolg\u00e1ltat\u00f3: Fel\u00fcgyeleti szerv: T\u00e1rhelyszolg\u00e1ltat\u00f3: Felel\u0151ss\u00e9g: A weboldalon tal\u00e1lhat\u00f3 inform\u00e1ci\u00f3k t\u00e1j\u00e9koztat\u00f3 jelleg\u0171ek. A szolg\u00e1ltat\u00f3 nem v\u00e1llal felel\u0151ss\u00e9get az esetleges el\u00edr\u00e1sokb\u00f3l vagy f\u00e9lre\u00e9rt\u00e9sekb\u0151l ered\u0151 k\u00e1rok\u00e9rt. \ud83d\udcdd A weboldal haszn\u00e1lat\u00e1val \u00e9s kapcsolatfelv\u00e9tellel elfogadod a fenti felt\u00e9teleket.<\/p>","protected":false},"author":1,"featured_media":0,"parent":0,"menu_order":0,"comment_status":"closed","ping_status":"closed","template":"","meta":{"footnotes":""},"class_list":["post-921","page","type-page","status-publish","hentry"],"_links":{"self":[{"href":"https:\/\/taxiadozas.hu\/en\/wp-json\/wp\/v2\/pages\/921","targetHints":{"allow":["GET"]}}],"collection":[{"href":"https:\/\/taxiadozas.hu\/en\/wp-json\/wp\/v2\/pages"}],"about":[{"href":"https:\/\/taxiadozas.hu\/en\/wp-json\/wp\/v2\/types\/page"}],"author":[{"embeddable":true,"href":"https:\/\/taxiadozas.hu\/en\/wp-json\/wp\/v2\/users\/1"}],"replies":[{"embeddable":true,"href":"https:\/\/taxiadozas.hu\/en\/wp-json\/wp\/v2\/comments?post=921"}],"version-history":[{"count":5,"href":"https:\/\/taxiadozas.hu\/en\/wp-json\/wp\/v2\/pages\/921\/revisions"}],"predecessor-version":[{"id":1215,"href":"https:\/\/taxiadozas.hu\/en\/wp-json\/wp\/v2\/pages\/921\/revisions\/1215"}],"wp:attachment":[{"href":"https:\/\/taxiadozas.hu\/en\/wp-json\/wp\/v2\/media?parent=921"}],"curies":[{"name":"wp","href":"https:\/\/api.w.org\/{rel}","templated":true}]}}