{"id":348,"date":"2025-03-23T18:55:13","date_gmt":"2025-03-23T17:55:13","guid":{"rendered":"http:\/\/taxiadozas.hu\/?page_id=348"},"modified":"2025-05-26T10:40:25","modified_gmt":"2025-05-26T08:40:25","slug":"boglarka","status":"publish","type":"page","link":"https:\/\/taxiadozas.hu\/en\/boglarka\/","title":{"rendered":"Bogl\u00e1rka"},"content":{"rendered":"<div class=\"wp-block-group is-layout-flow wp-block-group-is-layout-flow\" style=\"padding-right:var(--wp--preset--spacing--50);padding-left:var(--wp--preset--spacing--50)\">\n<p class=\"has-text-color has-link-color has-big-font-size wp-elements-5a7c137abafd53122abb72b2b13a5531\" style=\"color:#f0c34a;margin-top:0\"><strong>\ud83d\udc4b Introduction \u2013 Get to know me!<\/strong><\/p>\n\n\n\n<p class=\"has-light-color-color has-text-color has-link-color wp-elements-7c7a3770c3c8a447336718e4ed6c3640\">I am Bogl\u00e1rka Szab\u00f3-Jakab \u2013 economist, certified accountant, mother of a little boy, and a professional who not only understands the numbers, but <strong>az embereket is, akik m\u00f6g\u00f6tt\u00fck \u00e1llnak<\/strong>.<\/p>\n\n\n\n<p class=\"has-light-color-color has-text-color has-link-color wp-elements-5e061eede0c048f53fdfca7f4de19fcd translation-block\">I have been working in finance for over <strong>10 years<\/strong> \u2013 I started in a corporate environment, where I gained in-depth experience as a financial analyst and senior accountant.<br>\nCurrently, I am on parental leave, but my commitment to my profession remains unchanged: <strong>I keep up to date with the regulations, continue to develop, and support my clients.<\/strong><\/p>\n\n\n\n<hr class=\"wp-block-separator has-alpha-channel-opacity\"\/>\n\n\n\n<p class=\"has-text-color has-link-color has-medium-font-size wp-elements-24b4969f18271a1195f9bfb3ae02f579\" style=\"color:#f0c34a;margin-top:var(--wp--preset--spacing--50)\"><strong>\ud83d\ude95 Why taxis?<\/strong><\/p>\n\n\n\n<p class=\"has-light-color-color has-text-color has-link-color wp-elements-3cf614c66315857f084450707e3a1d1b translation-block\">The taxi world is not unfamiliar to me \u2013 <strong>my father and my husband are both taxi drivers<\/strong>, so <strong>I quite literally bring this knowledge from home<\/strong>.<br>\nI move in this special environment on a daily basis, I know the practice, the official requirements, the challenges of getting licensed as a taxi driver \u2013 and also <strong>what kinds of questions taxi drivers have when they ask for help.<\/strong><\/p>\n\n\n\n<p class=\"has-light-color-color has-text-color has-link-color wp-elements-c2e6111a0e76f25443845de66c381207\">Ez\u00e9rt tudok val\u00f3ban <strong>gyakorlati, \u00e9rthet\u0151, haszn\u00e1lhat\u00f3 t\u00e1mogat\u00e1st ny\u00fajtani<\/strong> \u2013 ak\u00e1r egy\u00e9ni v\u00e1llalkoz\u00e1s ind\u00edt\u00e1s\u00e1r\u00f3l, ak\u00e1r k\u00f6nyvel\u00e9sr\u0151l, ak\u00e1r a NAV-os \u00fcgyek \u00fatveszt\u0151ir\u0151l van sz\u00f3.<\/p>\n\n\n\n<hr class=\"wp-block-separator has-alpha-channel-opacity\"\/>\n\n\n\n<p class=\"has-text-color has-link-color has-medium-font-size wp-elements-0877876617d8927bceada70a82ce545e\" style=\"color:#f0c34a;margin-top:var(--wp--preset--spacing--50)\"><strong>\ud83d\udcbc How do I work?<\/strong><\/p>\n\n\n\n<p class=\"has-light-color-color has-text-color has-link-color wp-elements-2cb2012b4a7213d40103393552582f69 translation-block\">With a high level of attention, empathy, and <strong>systematic thinking<\/strong>, I handle my clients\u2019 matters \u2013 whether it\u2019s a beginner entrepreneur or a taxi driver with years of experience.<br>\nMy goal is to provide <strong>clear answers, simple processes, and a stable financial background<\/strong> for every client.<br><\/p>\n\n\n\n<hr class=\"wp-block-separator has-alpha-channel-opacity\"\/>\n\n\n\n<p class=\"has-text-color has-link-color has-medium-font-size wp-elements-03893e2ac40509a7d17411c153e24ada\" style=\"color:#f0c34a;margin-top:var(--wp--preset--spacing--50)\"><strong>\ud83e\udde0 What I can promise:<\/strong><\/p>\n\n\n\n<p class=\"has-light-color-color has-text-color has-link-color wp-elements-025b617bebf25cd6d8278d278cc04cbf translation-block\"><strong>\u2714\ufe0f Up-to-date knowledge<br>\u2714\ufe0f Fast, accurate administration<br>\u2714\ufe0f Human approach<br>\u2714\ufe0f Practical, usable solutions<\/strong><\/p>\n\n\n\n<hr class=\"wp-block-separator has-alpha-channel-opacity\"\/>\n\n\n\n<p class=\"has-text-align-center has-text-color has-link-color has-big-font-size wp-elements-27aa66e900341e032cb36731dcd1b451\" style=\"color:#f0c34a\"><strong>\ud83d\udce9 <strong>Contact Details<\/strong><\/strong><\/p>\n\n\n\n<p class=\"has-text-align-center has-heading-color-color has-text-color has-link-color wp-elements-21ba6fb8319798d839fc7c16cfacbba2\"><strong>\ud83d\udcde Mobile:<\/strong> <a href=\"tel:36704029003\"><strong>+36704029003<\/strong><\/a><br><strong>\ud83d\udce7 Email:<\/strong> <a href=\"mailto:info@taxiadozas.hu\"><strong>info@taxiadozas.hu<\/strong><\/a><\/p>\n<\/div>","protected":false},"excerpt":{"rendered":"<p>\ud83d\udc4b Bemutatkoz\u00e1s \u2013 Ismerj meg! Szab\u00f3-Jakab Bogl\u00e1rka vagyok \u2013 k\u00f6zgazd\u00e1sz, m\u00e9rlegk\u00e9pes k\u00f6nyvel\u0151, egy kisfi\u00fa anyuk\u00e1ja, \u00e9s egy olyan szakember, aki nemcsak a sz\u00e1mokat \u00e9rti, hanem az embereket is, akik m\u00f6g\u00f6tt\u00fck \u00e1llnak. M\u00e1r t\u00f6bb mint 10 \u00e9ve dolgozom p\u00e9nz\u00fcgyi ter\u00fcleten \u2013 nagyv\u00e1llalati k\u00f6rnyezetben kezdtem, ahol p\u00e9nz\u00fcgyi elemz\u0151k\u00e9nt \u00e9s senior k\u00f6nyvel\u0151k\u00e9nt m\u00e9ly\u00fcltem el a szakm\u00e1ban.Jelenleg GYED-en vagyok,&#8230;<\/p>","protected":false},"author":1,"featured_media":789,"parent":0,"menu_order":0,"comment_status":"closed","ping_status":"closed","template":"","meta":{"footnotes":""},"class_list":["post-348","page","type-page","status-publish","has-post-thumbnail","hentry"],"_links":{"self":[{"href":"https:\/\/taxiadozas.hu\/en\/wp-json\/wp\/v2\/pages\/348","targetHints":{"allow":["GET"]}}],"collection":[{"href":"https:\/\/taxiadozas.hu\/en\/wp-json\/wp\/v2\/pages"}],"about":[{"href":"https:\/\/taxiadozas.hu\/en\/wp-json\/wp\/v2\/types\/page"}],"author":[{"embeddable":true,"href":"https:\/\/taxiadozas.hu\/en\/wp-json\/wp\/v2\/users\/1"}],"replies":[{"embeddable":true,"href":"https:\/\/taxiadozas.hu\/en\/wp-json\/wp\/v2\/comments?post=348"}],"version-history":[{"count":16,"href":"https:\/\/taxiadozas.hu\/en\/wp-json\/wp\/v2\/pages\/348\/revisions"}],"predecessor-version":[{"id":1210,"href":"https:\/\/taxiadozas.hu\/en\/wp-json\/wp\/v2\/pages\/348\/revisions\/1210"}],"wp:featuredmedia":[{"embeddable":true,"href":"https:\/\/taxiadozas.hu\/en\/wp-json\/wp\/v2\/media\/789"}],"wp:attachment":[{"href":"https:\/\/taxiadozas.hu\/en\/wp-json\/wp\/v2\/media?parent=348"}],"curies":[{"name":"wp","href":"https:\/\/api.w.org\/{rel}","templated":true}]}}