{"id":176,"date":"2025-03-23T10:57:27","date_gmt":"2025-03-23T09:57:27","guid":{"rendered":"http:\/\/taxiadozas.hu\/?page_id=176"},"modified":"2025-12-30T17:19:27","modified_gmt":"2025-12-30T16:19:27","slug":"araink","status":"publish","type":"page","link":"https:\/\/taxiadozas.hu\/en\/araink\/","title":{"rendered":"Fees"},"content":{"rendered":"<div class=\"wp-block-group is-layout-flow wp-block-group-is-layout-flow\">\n<h5 class=\"wp-block-heading has-text-color has-link-color wp-elements-87922e8c6e4eb50c903bfbd14d647d26\" style=\"color:#f0c34a;margin-top:var(--wp--preset--spacing--60);margin-right:var(--wp--preset--spacing--60);margin-bottom:0;margin-left:var(--wp--preset--spacing--60)\">Valid from: 01\/01\/2026<\/h5>\n\n\n\n<h5 class=\"wp-block-heading has-text-color has-link-color wp-elements-47f29c80dc16b53e933163f3a394b848\" style=\"color:#f0c34a;margin-top:0;margin-right:var(--wp--preset--spacing--60);margin-bottom:var(--wp--preset--spacing--60);margin-left:var(--wp--preset--spacing--60)\"><strong>(The prices are for information purposes only \u2013 I reserve the right to change them after reviewing the details of the business\/project.)<\/strong><\/h5>\n\n\n\n<div class=\"wp-block-group has-h-transparent-brown-background-color has-background is-vertical is-content-justification-left is-nowrap is-layout-flex wp-container-core-group-is-layout-1730a434 wp-block-group-is-layout-flex\" style=\"border-radius:8px;margin-top:0;margin-bottom:0;padding-top:0;padding-right:var(--wp--preset--spacing--60);padding-bottom:0;padding-left:var(--wp--preset--spacing--60)\">\n<details class=\"wp-block-details has-text-color has-link-color wp-elements-9c12778613e6809d593b5dc3801a0b69 is-layout-flow wp-container-core-details-is-layout-b17102c1 wp-block-details-is-layout-flow\" style=\"color:#f0c34a;margin-top:var(--wp--preset--spacing--40);margin-bottom:var(--wp--preset--spacing--40);font-size:clamp(16.834px, 1.052rem + ((1vw - 3.2px) * 0.559), 26px);\" open><summary><strong><strong>Declarations and self-revisions<\/strong><\/strong><\/summary>\n<p class=\"has-background-color has-text-color has-link-color wp-elements-c46cc7c3dafb2baf0525e60b470edd26\" style=\"margin-right:var(--wp--preset--spacing--60);margin-left:var(--wp--preset--spacing--60);font-size:clamp(14px, 0.875rem + ((1vw - 3.2px) * 0.366), 20px);\"><strong><strong>Hungarian personal income tax (SZJA) return - <\/strong>From 15,000 HUF\/session<strong><br>Bevall\u00e1sok, \u00f6nrev\u00edzi\u00f3k elk\u00e9sz\u00edt\u00e9se \u2013 <\/strong>From 15,000 HUF\/piece<\/strong><\/p>\n<\/details>\n<\/div>\n\n\n\n<details class=\"wp-block-details has-text-color has-link-color wp-elements-15315cdb5ec379ddbf28dea7e028d9ca is-layout-flow wp-container-core-details-is-layout-8b4116f1 wp-block-details-is-layout-flow\" style=\"color:#f0c34a;padding-top:var(--wp--preset--spacing--20);padding-right:var(--wp--preset--spacing--60);padding-bottom:var(--wp--preset--spacing--50);padding-left:var(--wp--preset--spacing--60);font-size:clamp(16.834px, 1.052rem + ((1vw - 3.2px) * 0.559), 26px);\" open><summary><strong>Business start-up packages<\/strong><\/summary>\n<div class=\"wp-block-group has-transparent-background-color has-background is-vertical is-content-justification-left is-nowrap is-layout-flex wp-container-core-group-is-layout-1730a434 wp-block-group-is-layout-flex\" style=\"margin-top:0;margin-bottom:0;padding-top:0;padding-right:var(--wp--preset--spacing--60);padding-bottom:0;padding-left:var(--wp--preset--spacing--60)\">\n<details class=\"wp-block-details has-light-color-color has-text-color has-link-color wp-elements-d6ea29049a54bf979490fec447dc26b8 is-layout-flow wp-container-core-details-is-layout-6d4dcb43 wp-block-details-is-layout-flow\" style=\"margin-top:var(--wp--preset--spacing--40);margin-right:0;margin-bottom:var(--wp--preset--spacing--40);margin-left:0;font-size:clamp(14.642px, 0.915rem + ((1vw - 3.2px) * 0.449), 22px);font-style:normal;font-weight:600\"><summary><strong><strong>Business start-up BASIC - 25,000 HUF<\/strong><\/strong><\/summary>\n<p class=\"has-background-alt-color has-text-color has-link-color has-medium-font-size wp-elements-53296a3ce04ccfbb789845a48e3123ff\"><strong>Kezd\u0151 egy\u00e9ni v\u00e1llalkoz\u00f3knak, b\u00e1rmilyen tev\u00e9kenys\u00e9gi k\u00f6rrel (taxis kiv\u00e9tel\u00e9vel).<\/strong><br><strong>Tartalmazza:<\/strong><br>&#8211; <strong>Egy\u00e9ni v\u00e1llalkoz\u00e1s ind\u00edt\u00e1sa 24 \u00f3r\u00e1n bel\u00fcl<\/strong><br>&#8211; <strong>Iparkamarai regisztr\u00e1ci\u00f3<\/strong> <br>&#8211; <strong>Sz\u00e1ml\u00e1z\u00f3program be\u00e1ll\u00edt\u00e1sa (Sz\u00e1ml\u00e1zz.hu vagy m\u00e1s)<\/strong><br>&#8211; <strong>Maximum 15 perc telefonos konzult\u00e1ci\u00f3 a v\u00e1llalkoz\u00e1ssal kapcsolatban<\/strong><\/p>\n<\/details>\n\n\n\n<details class=\"wp-block-details has-light-color-color has-text-color has-link-color wp-elements-122dc09663768e65e713249a8c586a45 is-layout-flow wp-container-core-details-is-layout-aa6c2164 wp-block-details-is-layout-flow\" style=\"padding-top:0;padding-bottom:var(--wp--preset--spacing--40);font-size:clamp(14.642px, 0.915rem + ((1vw - 3.2px) * 0.449), 22px);font-style:normal;font-weight:600\"><summary><strong>Business start-up TAXI BASIC - 40,000 HUF<\/strong><\/summary>\n<p class=\"has-background-alt-color has-text-color has-link-color has-medium-font-size wp-elements-75b3b7694a599f6a2a8137d5f8205c7c\"><strong>Kifejezetten taxisoknak, flott\u00e1b\u00f3l kil\u00e9p\u0151knek, akik tudj\u00e1k, mit szeretn\u00e9nek \u2013 csak a megval\u00f3s\u00edt\u00e1shoz k\u00e9rnek t\u00e1mogat\u00e1st.<\/strong><br><strong>Tartalmazza:<\/strong><br>&#8211; <strong>Egy\u00e9ni v\u00e1llalkoz\u00e1s ind\u00edt\u00e1sa 24 \u00f3r\u00e1n bel\u00fcl<\/strong><br>&#8211; <strong>K\u00f6z\u00f6ss\u00e9gi ad\u00f3sz\u00e1m ig\u00e9nyl\u00e9se<\/strong><br>&#8211; <strong>Iparkamarai regisztr\u00e1ci\u00f3<\/strong><br>&#8211; <strong>F\u0151v\u00e1rosi ad\u00f3igazol\u00e1s ig\u00e9nyl\u00e9se<\/strong><br>&#8211; <strong>Ker\u00fcleti \/ telep\u00fcl\u00e9si ad\u00f3igazol\u00e1s ig\u00e9nyl\u00e9se<\/strong><br>&#8211; <strong>NAV ad\u00f3igazol\u00e1s ig\u00e9nyl\u00e9se<\/strong><br>&#8211; <strong>Erk\u00f6lcsi bizony\u00edtv\u00e1ny ig\u00e9nyl\u00e9se<\/strong><br>&#8211; <strong>P\u00e9nzt\u00e1rg\u00e9p vonalk\u00f3d ig\u00e9nyl\u00e9se<\/strong><br>&#8211; <strong>Sz\u00e1ml\u00e1z\u00f3program be\u00e1ll\u00edt\u00e1sa (Sz\u00e1ml\u00e1zz.hu vagy m\u00e1s)<\/strong><br>&#8211; <strong>15 perc telefonos konzult\u00e1ci\u00f3 az indul\u00e1s kapcs\u00e1n<\/strong><\/p>\n<\/details>\n\n\n\n<details class=\"wp-block-details has-light-color-color has-text-color has-link-color wp-elements-d4f78a5d639ff4feed5953d5026acea7 is-layout-flow wp-container-core-details-is-layout-119bc444 wp-block-details-is-layout-flow\" style=\"font-size:clamp(14.642px, 0.915rem + ((1vw - 3.2px) * 0.449), 22px);font-style:normal;font-weight:600\"><summary><strong>Business start-up TAXI PREMIUM - 60,000 HUF<\/strong><\/summary>\n<p class=\"has-background-alt-color has-text-color has-link-color has-medium-font-size wp-elements-1efc9c47eea5f728e2cf5ffbe1396821\"><strong>Kifejezetten taxisoknak, M\u0171szaki \u00e9s BKK id\u0151pont foglal\u00e1ssal<\/strong><br><strong>Tartalmazza:<\/strong><br>&#8211; TAXI ALAP csomag teljes tartalma<br>&#8211; BKK id\u0151pont foglal\u00e1s<br>&#8211; M\u0171szaki id\u0151pont foglal\u00e1s<br>&#8211; T\u00e1mogat\u00e1s a teljes betaxiz\u00e1s folyamat sor\u00e1n<\/p>\n<\/details>\n<\/div>\n<\/details>\n\n\n\n<div class=\"wp-block-group has-h-transparent-brown-background-color has-background is-vertical is-content-justification-left is-nowrap is-layout-flex wp-container-core-group-is-layout-f609f1b4 wp-block-group-is-layout-flex\" style=\"border-radius:8px;margin-top:0;margin-bottom:0;padding-top:0;padding-bottom:0\">\n<details class=\"wp-block-details has-text-color has-link-color wp-elements-f6e434742f54f895cdf575de60c9bb1b is-layout-flow wp-container-core-details-is-layout-b17102c1 wp-block-details-is-layout-flow\" style=\"color:#f0c34a;margin-top:var(--wp--preset--spacing--40);margin-bottom:var(--wp--preset--spacing--40);font-size:clamp(16.834px, 1.052rem + ((1vw - 3.2px) * 0.559), 26px);\"><summary><strong><strong><strong>Accounting fees for sole proprietors<\/strong><\/strong><\/strong><\/summary>\n<p class=\"has-background-color has-text-color has-link-color wp-elements-32ac5dc11006c970a89a725f1cd837a4\" style=\"margin-right:var(--wp--preset--spacing--60);margin-left:var(--wp--preset--spacing--60);font-size:clamp(14px, 0.875rem + ((1vw - 3.2px) * 0.366), 20px);\"><strong>Bookkeeping for businesses under the KATA flat-tax scheme \u2013 17,000 HUF \/ month<br>Bookkeeping for flat-rate taxed sole proprietors \u2013 22,000 HUF \/ month<br>Bookkeeping for VSZJA-taxed sole proprietors \u2013 27,000 HUF \/ month<br>Reverse-charge VAT return (Bolt \/ Uber) \u2013 from 3,000 HUF per month<\/strong><\/p>\n<\/details>\n<\/div>\n\n\n\n<details class=\"wp-block-details has-text-color has-link-color wp-elements-3dde6e94df9c1b156ba88d81f5eb1f6a is-layout-flow wp-container-core-details-is-layout-8b4116f1 wp-block-details-is-layout-flow\" style=\"color:#f0c34a;padding-top:var(--wp--preset--spacing--20);padding-right:var(--wp--preset--spacing--60);padding-bottom:var(--wp--preset--spacing--50);padding-left:var(--wp--preset--spacing--60);font-size:clamp(16.834px, 1.052rem + ((1vw - 3.2px) * 0.559), 26px);\"><summary><strong><strong>Payroll<\/strong><\/strong><\/summary>\n<p class=\"has-light-color-color has-text-color has-link-color wp-elements-4f8b1ae848260ca76d8f759fabd38cd5\" style=\"margin-right:var(--wp--preset--spacing--50);margin-left:var(--wp--preset--spacing--50);font-size:clamp(14px, 0.875rem + ((1vw - 3.2px) * 0.366), 20px);\"><strong>1 person \u2013 3,000 HUF \/ month<br><\/strong><em>In the case of multiple persons or complex administration, prices are based on a custom quote.<\/em><\/p>\n<\/details>\n\n\n\n<div class=\"wp-block-group has-h-transparent-brown-background-color has-background is-vertical is-content-justification-left is-nowrap is-layout-flex wp-container-core-group-is-layout-f609f1b4 wp-block-group-is-layout-flex\" style=\"border-radius:8px;margin-top:0;margin-bottom:0;padding-top:0;padding-bottom:0\">\n<details class=\"wp-block-details has-text-color has-link-color wp-elements-762e295ecc901ca996b06dacecffd1a0 is-layout-flow wp-container-core-details-is-layout-b17102c1 wp-block-details-is-layout-flow\" style=\"color:#f0c34a;margin-top:var(--wp--preset--spacing--40);margin-bottom:var(--wp--preset--spacing--40);font-size:clamp(16.834px, 1.052rem + ((1vw - 3.2px) * 0.559), 26px);\"><summary><strong><strong><strong>Online consultation <em>(not considered tax advice)<\/em><\/strong><\/strong><\/strong><\/summary>\n<p class=\"has-background-color has-text-color has-link-color wp-elements-96cd1b093ae9b64b661fb914d7dc9503 translation-block\" style=\"margin-right:var(--wp--preset--spacing--50);margin-left:var(--wp--preset--spacing--50);font-size:clamp(14px, 0.875rem + ((1vw - 3.2px) * 0.366), 20px);\"><strong>30 minutes \u2013 20,000 HUF<br>60 minutes \u2013 35,000 HUF<\/strong><br><em>The consultation provides clear, practical assistance.<\/em><\/p>\n<\/details>\n<\/div>\n\n\n\n<details class=\"wp-block-details has-text-color has-link-color wp-elements-4d4e74d9d8de4f8d19fcd33b8514bc9b is-layout-flow wp-container-core-details-is-layout-8b4116f1 wp-block-details-is-layout-flow\" style=\"color:#f0c34a;padding-top:var(--wp--preset--spacing--20);padding-right:var(--wp--preset--spacing--60);padding-bottom:var(--wp--preset--spacing--50);padding-left:var(--wp--preset--spacing--60);font-size:clamp(16.834px, 1.052rem + ((1vw - 3.2px) * 0.559), 26px);\"><summary><strong><strong><strong>Administration and representation before authorities<\/strong><\/strong><\/strong><\/summary>\n<p class=\"has-light-color-color has-text-color has-link-color wp-elements-eab0c6c0e812cdc84487215528e00b4f translation-block\" style=\"margin-right:var(--wp--preset--spacing--50);margin-left:var(--wp--preset--spacing--50);font-size:clamp(14px, 0.875rem + ((1vw - 3.2px) * 0.366), 20px);\"><strong>NAV, municipality, chamber of commerce \u2013 certificates, document replacement, data reconciliation<br>from 5,000 HUF \/ case<\/strong><\/p>\n<\/details>\n<\/div>","protected":false},"excerpt":{"rendered":"<p>\u00c9rv\u00e9nyes: 2026.01.01-t\u0151l (Az \u00e1rak t\u00e1j\u00e9koztat\u00f3 jelleg\u0171ek \u2013 a v\u00e1ltoz\u00e1s jog\u00e1t fenntartom a v\u00e1llalkoz\u00e1s r\u00e9szletei megismer\u00e9se ut\u00e1n)<\/p>","protected":false},"author":1,"featured_media":0,"parent":0,"menu_order":0,"comment_status":"closed","ping_status":"closed","template":"","meta":{"footnotes":""},"class_list":["post-176","page","type-page","status-publish","hentry"],"_links":{"self":[{"href":"https:\/\/taxiadozas.hu\/en\/wp-json\/wp\/v2\/pages\/176","targetHints":{"allow":["GET"]}}],"collection":[{"href":"https:\/\/taxiadozas.hu\/en\/wp-json\/wp\/v2\/pages"}],"about":[{"href":"https:\/\/taxiadozas.hu\/en\/wp-json\/wp\/v2\/types\/page"}],"author":[{"embeddable":true,"href":"https:\/\/taxiadozas.hu\/en\/wp-json\/wp\/v2\/users\/1"}],"replies":[{"embeddable":true,"href":"https:\/\/taxiadozas.hu\/en\/wp-json\/wp\/v2\/comments?post=176"}],"version-history":[{"count":44,"href":"https:\/\/taxiadozas.hu\/en\/wp-json\/wp\/v2\/pages\/176\/revisions"}],"predecessor-version":[{"id":1457,"href":"https:\/\/taxiadozas.hu\/en\/wp-json\/wp\/v2\/pages\/176\/revisions\/1457"}],"wp:attachment":[{"href":"https:\/\/taxiadozas.hu\/en\/wp-json\/wp\/v2\/media?parent=176"}],"curies":[{"name":"wp","href":"https:\/\/api.w.org\/{rel}","templated":true}]}}