{"id":136,"date":"2025-03-22T17:48:24","date_gmt":"2025-03-22T16:48:24","guid":{"rendered":"http:\/\/taxiadozas.hu\/?page_id=136"},"modified":"2025-05-07T13:14:31","modified_gmt":"2025-05-07T11:14:31","slug":"kapcsolat","status":"publish","type":"page","link":"https:\/\/taxiadozas.hu\/en\/kapcsolat\/","title":{"rendered":"Initial contact"},"content":{"rendered":"\n<div class=\"wp-block-group is-layout-flow wp-block-group-is-layout-flow\" style=\"padding-right:var(--wp--preset--spacing--50);padding-left:var(--wp--preset--spacing--50)\">\n<p class=\"has-text-align-center has-text-color has-link-color has-big-font-size wp-elements-85ecd3450e2b4439a526dcbbc721d565\" style=\"color:#f0c34a;font-style:normal;font-weight:600\">Ne habozz, keress minket!<\/p>\n\n\n\n<p class=\"has-text-align-left has-background-color has-text-color has-link-color wp-elements-3100f488d0cad9fb9b36dd98566f7137\">Nincs sz\u00fcks\u00e9g szem\u00e9lyes tal\u00e1lkoz\u00f3kra \u00e9s egyeztet\u00e9sekre. Keress minket online az \u0171rlap kit\u00f6lt\u00e9s\u00e9vel, vagy egyszer\u0171en \u00edrj nek\u00fcnk az <a href=\"mailto:info@taxiadozas.hu\">info@taxiadozas.hu<\/a>. Garant\u00e1ltan felvessz\u00fck veled a kapcsolatot!<\/p>\n\n\n<style id=\"wpforms-css-vars-134-block-5c61bf33-bc47-418e-81e9-03e46454a914\">\n\t\t\t\t#wpforms-134.wpforms-block-5c61bf33-bc47-418e-81e9-03e46454a914 {\n\t\t\t\t--wpforms-label-color: #FFFFFF;\n--wpforms-label-sublabel-color: #FFFFFE;\n--wpforms-label-error-color: #ff6900;\n--wpforms-field-border-style: none;\n--wpforms-field-border-radius: 8px;\n--wpforms-field-background-color: #fcb90047;\n--wpforms-field-text-color: #FFFFFF;\n--wpforms-field-menu-color: rgba( 0, 0, 0, 0 );\n--wpforms-button-border-style: solid;\n--wpforms-button-border-radius: 8px;\n--wpforms-button-background-color: #f0c34a;\n--wpforms-button-border-color: #ffffff00;\n--wpforms-field-border-size: 0px;\n--wpforms-field-size-input-height: 43px;\n--wpforms-field-size-input-spacing: 15px;\n--wpforms-field-size-font-size: 16px;\n--wpforms-field-size-line-height: 19px;\n--wpforms-field-size-padding-h: 14px;\n--wpforms-field-size-checkbox-size: 16px;\n--wpforms-field-size-sublabel-spacing: 5px;\n--wpforms-field-size-icon-size: 1;\n--wpforms-label-size-font-size: 18px;\n--wpforms-label-size-line-height: 21px;\n--wpforms-label-size-sublabel-font-size: 16px;\n--wpforms-label-size-sublabel-line-height: 19px;\n--wpforms-button-size-font-size: 20px;\n--wpforms-button-size-height: 48px;\n--wpforms-button-size-padding-h: 20px;\n--wpforms-button-size-margin-top: 15px;\n\t\t\t}\n\t\t\t<\/style><div class=\"wpforms-container wpforms-container-full wpforms-block wpforms-block-5c61bf33-bc47-418e-81e9-03e46454a914 wpforms-render-modern\" id=\"wpforms-134\"><form id=\"wpforms-form-134\" class=\"wpforms-validate wpforms-form wpforms-ajax-form\" data-formid=\"134\" method=\"post\" enctype=\"multipart\/form-data\" action=\"\/en\/wp-json\/wp\/v2\/pages\/136\" data-token=\"c12593d6bfca421bba886c3d45c429c3\" data-token-time=\"1775955761\"><noscript class=\"wpforms-error-noscript\">Please enable JavaScript in your browser to complete this form.<\/noscript><div id=\"wpforms-error-noscript\" style=\"display: none;\">Please enable JavaScript in your browser to complete this form.<\/div><div class=\"wpforms-field-container\"><div id=\"wpforms-134-field_1-container\" class=\"wpforms-field wpforms-field-name\" data-field-id=\"1\"><label class=\"wpforms-field-label\" for=\"wpforms-134-field_1\">N\u00e9v <span class=\"wpforms-required-label\" aria-hidden=\"true\">*<\/span><\/label><input type=\"text\" id=\"wpforms-134-field_1\" class=\"wpforms-field-medium wpforms-field-required\" name=\"wpforms[fields][1]\" placeholder=\"Teljes n\u00e9v\" aria-errormessage=\"wpforms-134-field_1-error\" required><\/div><div id=\"wpforms-134-field_2-container\" class=\"wpforms-field wpforms-field-email\" data-field-id=\"2\"><label class=\"wpforms-field-label\" for=\"wpforms-134-field_2\">Email <span class=\"wpforms-required-label\" aria-hidden=\"true\">*<\/span><\/label><input type=\"email\" id=\"wpforms-134-field_2\" class=\"wpforms-field-medium wpforms-field-required\" name=\"wpforms[fields][2]\" placeholder=\"Email c\u00edm amin kereshet\u00fcnk\" spellcheck=\"false\" aria-errormessage=\"wpforms-134-field_2-error\" required><\/div><div id=\"wpforms-134-field_4-container\" class=\"wpforms-field wpforms-field-text\" data-field-id=\"4\"><label class=\"wpforms-field-label\" for=\"wpforms-134-field_4\">Telefonsz\u00e1m <span class=\"wpforms-required-label\" aria-hidden=\"true\">*<\/span><\/label><input type=\"text\" id=\"wpforms-134-field_4\" class=\"wpforms-field-small wpforms-field-required wpforms-masked-input\" data-rule-inputmask-incomplete=\"1\" data-inputmask-mask=\"+36-(99)-999-9999\" name=\"wpforms[fields][4]\" aria-errormessage=\"wpforms-134-field_4-error\" required><\/div><div id=\"wpforms-134-field_5-container\" class=\"wpforms-field wpforms-field-checkbox wpforms-list-inline\" data-field-id=\"5\"><fieldset><legend class=\"wpforms-field-label\">Miben seg\u00edthet\u00fcnk? <span class=\"wpforms-required-label\" aria-hidden=\"true\">*<\/span><\/legend><ul id=\"wpforms-134-field_5\" class=\"wpforms-field-required wpforms-icon-choices wpforms-icon-choices-default wpforms-icon-choices-small\" style=\"--wpforms-icon-choices-color: #e6be45;\"><li class=\"choice-1 depth-1 wpforms-icon-choices-item\"><label class=\"wpforms-field-label-inline\" for=\"wpforms-134-field_5_1\">\n\t\t\t\t<span class=\"wpforms-icon-choices-icon\">\n\t\t\t\t\t<svg xmlns=\"http:\/\/www.w3.org\/2000\/svg\" width=\"40\" height=\"32\" viewBox=\"0 0 448 512\"><!--! Font Awesome Free 6.4.0 by @fontawesome - https:\/\/fontawesome.com License - https:\/\/fontawesome.com\/license\/free (Icons: CC BY 4.0, Fonts: SIL OFL 1.1, Code: MIT License) Copyright 2023 Fonticons, Inc. --><path d=\"M160 80c0-26.5 21.5-48 48-48h32c26.5 0 48 21.5 48 48V432c0 26.5-21.5 48-48 48H208c-26.5 0-48-21.5-48-48V80zM0 272c0-26.5 21.5-48 48-48H80c26.5 0 48 21.5 48 48V432c0 26.5-21.5 48-48 48H48c-26.5 0-48-21.5-48-48V272zM368 96h32c26.5 0 48 21.5 48 48V432c0 26.5-21.5 48-48 48H368c-26.5 0-48-21.5-48-48V144c0-26.5 21.5-48 48-48z\"\/><\/svg>\n\t\t\t\t\t<span class=\"wpforms-icon-choices-icon-bg\"><\/span>\n\t\t\t\t<\/span>\n\t\t\t\t<input type=\"checkbox\" id=\"wpforms-134-field_5_1\" class=\"wpforms-screen-reader-element\" name=\"wpforms[fields][5][]\" value=\"K\u00f6nyvel\u00e9s\" aria-errormessage=\"wpforms-134-field_5_1-error\" required >\n\t\t\t\t<span class=\"wpforms-icon-choices-label\">K\u00f6nyvel\u00e9s<\/span>\n\t\t\t<\/label><\/li><li class=\"choice-2 depth-1 wpforms-icon-choices-item\"><label class=\"wpforms-field-label-inline\" for=\"wpforms-134-field_5_2\">\n\t\t\t\t<span class=\"wpforms-icon-choices-icon\">\n\t\t\t\t\t<svg xmlns=\"http:\/\/www.w3.org\/2000\/svg\" width=\"40\" height=\"32\" viewBox=\"0 0 512 512\"><!--! Font Awesome Free 6.4.0 by @fontawesome - https:\/\/fontawesome.com License - https:\/\/fontawesome.com\/license\/free (Icons: CC BY 4.0, Fonts: SIL OFL 1.1, Code: MIT License) Copyright 2023 Fonticons, Inc. --><path d=\"M326.7 403.7c-22.1 8-45.9 12.3-70.7 12.3s-48.7-4.4-70.7-12.3c-.3-.1-.5-.2-.8-.3c-30-11-56.8-28.7-78.6-51.4C70 314.6 48 263.9 48 208C48 93.1 141.1 0 256 0S464 93.1 464 208c0 55.9-22 106.6-57.9 144c-1 1-2 2.1-3 3.1c-21.4 21.4-47.4 38.1-76.3 48.6zM256 91.9c-11.1 0-20.1 9-20.1 20.1v6c-5.6 1.2-10.9 2.9-15.9 5.1c-15 6.8-27.9 19.4-31.1 37.7c-1.8 10.2-.8 20 3.4 29c4.2 8.8 10.7 15 17.3 19.5c11.6 7.9 26.9 12.5 38.6 16l2.2 .7c13.9 4.2 23.4 7.4 29.3 11.7c2.5 1.8 3.4 3.2 3.7 4c.3 .8 .9 2.6 .2 6.7c-.6 3.5-2.5 6.4-8 8.8c-6.1 2.6-16 3.9-28.8 1.9c-6-1-16.7-4.6-26.2-7.9l0 0 0 0 0 0c-2.2-.7-4.3-1.5-6.4-2.1c-10.5-3.5-21.8 2.2-25.3 12.7s2.2 21.8 12.7 25.3c1.2 .4 2.7 .9 4.4 1.5c7.9 2.7 20.3 6.9 29.8 9.1V304c0 11.1 9 20.1 20.1 20.1s20.1-9 20.1-20.1v-5.5c5.3-1 10.5-2.5 15.4-4.6c15.7-6.7 28.4-19.7 31.6-38.7c1.8-10.4 1-20.3-3-29.4c-3.9-9-10.2-15.6-16.9-20.5c-12.2-8.8-28.3-13.7-40.4-17.4l-.8-.2c-14.2-4.3-23.8-7.3-29.9-11.4c-2.6-1.8-3.4-3-3.6-3.5c-.2-.3-.7-1.6-.1-5c.3-1.9 1.9-5.2 8.2-8.1c6.4-2.9 16.4-4.5 28.6-2.6c4.3 .7 17.9 3.3 21.7 4.3c10.7 2.8 21.6-3.5 24.5-14.2s-3.5-21.6-14.2-24.5c-4.4-1.2-14.4-3.2-21-4.4V112c0-11.1-9-20.1-20.1-20.1zM48 352H64c19.5 25.9 44 47.7 72.2 64H64v32H256 448V416H375.8c28.2-16.3 52.8-38.1 72.2-64h16c26.5 0 48 21.5 48 48v64c0 26.5-21.5 48-48 48H48c-26.5 0-48-21.5-48-48V400c0-26.5 21.5-48 48-48z\"\/><\/svg>\n\t\t\t\t\t<span class=\"wpforms-icon-choices-icon-bg\"><\/span>\n\t\t\t\t<\/span>\n\t\t\t\t<input type=\"checkbox\" id=\"wpforms-134-field_5_2\" class=\"wpforms-screen-reader-element\" name=\"wpforms[fields][5][]\" value=\"Taxistan\u00e1csad\u00e1s\" aria-errormessage=\"wpforms-134-field_5_2-error\" required >\n\t\t\t\t<span class=\"wpforms-icon-choices-label\">Taxistan\u00e1csad\u00e1s<\/span>\n\t\t\t<\/label><\/li><li class=\"choice-3 depth-1 wpforms-icon-choices-item\"><label class=\"wpforms-field-label-inline\" for=\"wpforms-134-field_5_3\">\n\t\t\t\t<span class=\"wpforms-icon-choices-icon\">\n\t\t\t\t\t<svg xmlns=\"http:\/\/www.w3.org\/2000\/svg\" width=\"40\" height=\"32\" viewBox=\"0 0 512 512\"><!--! Font Awesome Free 6.4.0 by @fontawesome - https:\/\/fontawesome.com License - https:\/\/fontawesome.com\/license\/free (Icons: CC BY 4.0, Fonts: SIL OFL 1.1, Code: MIT License) Copyright 2023 Fonticons, Inc. --><path d=\"M156.6 384.9L125.7 354c-8.5-8.5-11.5-20.8-7.7-32.2c3-8.9 7-20.5 11.8-33.8L24 288c-8.6 0-16.6-4.6-20.9-12.1s-4.2-16.7 .2-24.1l52.5-88.5c13-21.9 36.5-35.3 61.9-35.3l82.3 0c2.4-4 4.8-7.7 7.2-11.3C289.1-4.1 411.1-8.1 483.9 5.3c11.6 2.1 20.6 11.2 22.8 22.8c13.4 72.9 9.3 194.8-111.4 276.7c-3.5 2.4-7.3 4.8-11.3 7.2v82.3c0 25.4-13.4 49-35.3 61.9l-88.5 52.5c-7.4 4.4-16.6 4.5-24.1 .2s-12.1-12.2-12.1-20.9V380.8c-14.1 4.9-26.4 8.9-35.7 11.9c-11.2 3.6-23.4 .5-31.8-7.8zM384 168a40 40 0 1 0 0-80 40 40 0 1 0 0 80z\"\/><\/svg>\n\t\t\t\t\t<span class=\"wpforms-icon-choices-icon-bg\"><\/span>\n\t\t\t\t<\/span>\n\t\t\t\t<input type=\"checkbox\" id=\"wpforms-134-field_5_3\" class=\"wpforms-screen-reader-element\" name=\"wpforms[fields][5][]\" value=\"V\u00e1llalkoz\u00e1s ind\u00edt\u00e1sa\" aria-errormessage=\"wpforms-134-field_5_3-error\" required >\n\t\t\t\t<span class=\"wpforms-icon-choices-label\">V\u00e1llalkoz\u00e1s ind\u00edt\u00e1sa<\/span>\n\t\t\t<\/label><\/li><li class=\"choice-4 depth-1 wpforms-icon-choices-item\"><label class=\"wpforms-field-label-inline\" for=\"wpforms-134-field_5_4\">\n\t\t\t\t<span class=\"wpforms-icon-choices-icon\">\n\t\t\t\t\t<svg xmlns=\"http:\/\/www.w3.org\/2000\/svg\" width=\"40\" height=\"32\" viewBox=\"0 0 512 512\"><!--! Font Awesome Free 6.4.0 by @fontawesome - https:\/\/fontawesome.com License - https:\/\/fontawesome.com\/license\/free (Icons: CC BY 4.0, Fonts: SIL OFL 1.1, Code: MIT License) Copyright 2023 Fonticons, Inc. --><path d=\"M192 0c-17.7 0-32 14.3-32 32V64c0 .1 0 .1 0 .2c-38.6 2.2-72.3 27.3-85.2 64.1L39.6 228.8C16.4 238.4 0 261.3 0 288V432v48c0 17.7 14.3 32 32 32H64c17.7 0 32-14.3 32-32V432H416v48c0 17.7 14.3 32 32 32h32c17.7 0 32-14.3 32-32V432 288c0-26.7-16.4-49.6-39.6-59.2L437.2 128.3c-12.9-36.8-46.6-62-85.2-64.1c0-.1 0-.1 0-.2V32c0-17.7-14.3-32-32-32H192zM165.4 128H346.6c13.6 0 25.7 8.6 30.2 21.4L402.9 224H109.1l26.1-74.6c4.5-12.8 16.6-21.4 30.2-21.4zM96 288a32 32 0 1 1 0 64 32 32 0 1 1 0-64zm288 32a32 32 0 1 1 64 0 32 32 0 1 1 -64 0z\"\/><\/svg>\n\t\t\t\t\t<span class=\"wpforms-icon-choices-icon-bg\"><\/span>\n\t\t\t\t<\/span>\n\t\t\t\t<input type=\"checkbox\" id=\"wpforms-134-field_5_4\" class=\"wpforms-screen-reader-element\" name=\"wpforms[fields][5][]\" value=\"Taxisk\u00f6nyvel\u00e9s\" aria-errormessage=\"wpforms-134-field_5_4-error\" required >\n\t\t\t\t<span class=\"wpforms-icon-choices-label\">Taxisk\u00f6nyvel\u00e9s<\/span>\n\t\t\t<\/label><\/li><\/ul><\/fieldset><\/div><div id=\"wpforms-134-field_3-container\" class=\"wpforms-field wpforms-field-textarea\" data-field-id=\"3\"><label class=\"wpforms-field-label\" for=\"wpforms-134-field_3\">\u00dczenet<\/label><textarea id=\"wpforms-134-field_3\" class=\"wpforms-field-medium\" name=\"wpforms[fields][3]\" placeholder=\"B\u00e1rmilyen m\u00e1s k\u00e9rd\u00e9sed\/kieg\u00e9sz\u00edt\u00e9sed van itt oszthatod meg vel\u00fcnk\" aria-errormessage=\"wpforms-134-field_3-error\" ><\/textarea><\/div>\t\t<div id=\"wpforms-134-field_6-container\"\n\t\t\tclass=\"wpforms-field wpforms-field-text\"\n\t\t\tdata-field-type=\"text\"\n\t\t\tdata-field-id=\"6\"\n\t\t\t>\n\t\t\t<label class=\"wpforms-field-label\" for=\"wpforms-134-field_6\" >Telefonsz\u00e1m hozz\u00e1j\u00e1rul\u00e1s \u00dczenet<\/label>\n\t\t\t<input type=\"text\" id=\"wpforms-134-field_6\" class=\"wpforms-field-medium\" name=\"wpforms[fields][6]\" >\n\t\t<\/div>\n\t\t<div id=\"wpforms-134-field_11-container\" class=\"wpforms-field wpforms-field-gdpr-checkbox\" data-field-id=\"11\"><label class=\"wpforms-field-label wpforms-label-hide\" aria-hidden=\"false\">Adatkezel\u00e9si hozz\u00e1j\u00e1rul\u00e1s <span class=\"wpforms-required-label\" aria-hidden=\"true\">*<\/span><\/label><ul id=\"wpforms-134-field_11\" class=\"wpforms-field-required\"><li class=\"choice-1\"><input type=\"checkbox\" id=\"wpforms-134-field_11_1\" name=\"wpforms[fields][11][]\" value=\"Az &lt;a target=&quot;_blank&quot; href=&quot;http:\/\/taxiadozas.hu\/adatkezelesi-tajekoztato&quot;&gt;Adatkez\u00e9si t\u00e1j\u00e9koztat\u00f3ban&lt;\/a&gt; foglaltakat elolvastam, meg\u00e9rtettem \u00e9s elfogadom. Hozz\u00e1j\u00e1rulok szem\u00e9lyes adataim kapcsolatfelv\u00e9tel c\u00e9lj\u00e1b\u00f3l t\u00f6rt\u00e9n\u0151 kezel\u00e9s\u00e9hez.\" aria-errormessage=\"wpforms-134-field_11_1-error\" required ><label class=\"wpforms-field-label-inline\" for=\"wpforms-134-field_11_1\">Az <a target=\"_blank\" href=\"http:\/\/taxiadozas.hu\/adatkezelesi-tajekoztato\">Adatkez\u00e9si t\u00e1j\u00e9koztat\u00f3ban<\/a> foglaltakat elolvastam, meg\u00e9rtettem \u00e9s elfogadom. Hozz\u00e1j\u00e1rulok szem\u00e9lyes adataim kapcsolatfelv\u00e9tel c\u00e9lj\u00e1b\u00f3l t\u00f6rt\u00e9n\u0151 kezel\u00e9s\u00e9hez. <span class=\"wpforms-required-label\" aria-hidden=\"true\">*<\/span><\/label><\/li><\/ul><\/div><script>\n\t\t\t\t( function() {\n\t\t\t\t\tconst style = document.createElement( 'style' );\n\t\t\t\t\tstyle.appendChild( document.createTextNode( '#wpforms-134-field_6-container { position: absolute !important; overflow: hidden !important; display: inline !important; height: 1px !important; width: 1px !important; z-index: -1000 !important; padding: 0 !important; } #wpforms-134-field_6-container input { visibility: hidden; } #wpforms-conversational-form-page #wpforms-134-field_6-container label { counter-increment: none; }' ) );\n\t\t\t\t\tdocument.head.appendChild( style );\n\t\t\t\t\tdocument.currentScript?.remove();\n\t\t\t\t} )();\n\t\t\t<\/script><\/div><!-- .wpforms-field-container --><div class=\"wpforms-recaptcha-container wpforms-is-recaptcha wpforms-is-recaptcha-type-v3\" ><input type=\"hidden\" name=\"wpforms[recaptcha]\" value=\"\"><\/div><div class=\"wpforms-submit-container\" ><input type=\"hidden\" name=\"wpforms[id]\" value=\"134\"><input type=\"hidden\" name=\"page_title\" value=\"\"><input type=\"hidden\" name=\"page_url\" value=\"https:\/\/taxiadozas.hu\/en\/wp-json\/wp\/v2\/pages\/136\"><input type=\"hidden\" name=\"url_referer\" value=\"\"><button type=\"submit\" name=\"wpforms[submit]\" id=\"wpforms-submit-134\" class=\"wpforms-submit g-recaptcha\" data-alt-text=\"K\u00fcld\u00e9s folyamatban...\" data-submit-text=\"K\u00fcld\u00e9s\" aria-live=\"assertive\" value=\"wpforms-submit\">K\u00fcld\u00e9s<\/button><img loading=\"lazy\" decoding=\"async\" src=\"https:\/\/taxiadozas.hu\/wp-content\/plugins\/wpforms-lite\/assets\/images\/submit-spin.svg\" class=\"wpforms-submit-spinner\" style=\"display: none;\" width=\"26\" height=\"26\" alt=\"Loading\"><\/div><\/form><\/div>  <!-- .wpforms-container --><\/div>\n","protected":false},"excerpt":{"rendered":"<p>Ne habozz, keress minket! Nincs sz\u00fcks\u00e9g szem\u00e9lyes tal\u00e1lkoz\u00f3kra \u00e9s egyeztet\u00e9sekre. Keress minket online az \u0171rlap kit\u00f6lt\u00e9s\u00e9vel, vagy egyszer\u0171en \u00edrj nek\u00fcnk az info@taxiadozas.hu. Garant\u00e1ltan felvessz\u00fck veled a kapcsolatot!<\/p>","protected":false},"author":1,"featured_media":0,"parent":0,"menu_order":0,"comment_status":"closed","ping_status":"closed","template":"","meta":{"footnotes":""},"class_list":["post-136","page","type-page","status-publish","hentry"],"_links":{"self":[{"href":"https:\/\/taxiadozas.hu\/en\/wp-json\/wp\/v2\/pages\/136","targetHints":{"allow":["GET"]}}],"collection":[{"href":"https:\/\/taxiadozas.hu\/en\/wp-json\/wp\/v2\/pages"}],"about":[{"href":"https:\/\/taxiadozas.hu\/en\/wp-json\/wp\/v2\/types\/page"}],"author":[{"embeddable":true,"href":"https:\/\/taxiadozas.hu\/en\/wp-json\/wp\/v2\/users\/1"}],"replies":[{"embeddable":true,"href":"https:\/\/taxiadozas.hu\/en\/wp-json\/wp\/v2\/comments?post=136"}],"version-history":[{"count":21,"href":"https:\/\/taxiadozas.hu\/en\/wp-json\/wp\/v2\/pages\/136\/revisions"}],"predecessor-version":[{"id":1149,"href":"https:\/\/taxiadozas.hu\/en\/wp-json\/wp\/v2\/pages\/136\/revisions\/1149"}],"wp:attachment":[{"href":"https:\/\/taxiadozas.hu\/en\/wp-json\/wp\/v2\/media?parent=136"}],"curies":[{"name":"wp","href":"https:\/\/api.w.org\/{rel}","templated":true}]}}